{"id":29393,"date":"2026-03-23T11:57:02","date_gmt":"2026-03-23T10:57:02","guid":{"rendered":"https:\/\/www.ursa-chemie.de\/whistleblower-scheme\/"},"modified":"2026-03-23T11:57:03","modified_gmt":"2026-03-23T10:57:03","slug":"whistleblower-scheme","status":"publish","type":"page","link":"https:\/\/www.ursa-chemie.de\/en\/whistleblower-scheme\/","title":{"rendered":"Whistleblower scheme"},"content":{"rendered":"\t\t<div data-elementor-type=\"wp-page\" data-elementor-id=\"29393\" class=\"elementor elementor-29393 elementor-21762\" data-elementor-post-type=\"page\">\n\t\t\t\t<div class=\"elementor-element elementor-element-7445a36 e-flex e-con-boxed e-con e-child\" data-id=\"7445a36\" data-element_type=\"container\" data-e-type=\"container\" data-settings=\"{&quot;background_background&quot;:&quot;classic&quot;}\">\n\t\t\t\t\t<div class=\"e-con-inner\">\n\t\t<div class=\"elementor-element elementor-element-000136c e-con-full highlightcontainer e-flex e-con e-child\" data-id=\"000136c\" data-element_type=\"container\" data-e-type=\"container\">\n\t\t\t\t<div class=\"elementor-element elementor-element-3ed2a6c elementor-widget__width-inherit mygsaptrigger elementor-invisible elementor-widget elementor-widget-heading\" data-id=\"3ed2a6c\" data-element_type=\"widget\" data-e-type=\"widget\" data-settings=\"{&quot;_animation&quot;:&quot;fadeIn&quot;}\" data-widget_type=\"heading.default\">\n\t\t\t\t<div class=\"elementor-widget-container\">\n\t\t\t\t\t<h2 class=\"elementor-heading-title elementor-size-default\">Whistleblower scheme<\/h2>\t\t\t\t<\/div>\n\t\t\t\t<\/div>\n\t\t\t\t<div class=\"elementor-element elementor-element-4ff621d animated-slow elementor-widget__width-initial elementor-invisible elementor-widget elementor-widget-text-editor\" data-id=\"4ff621d\" data-element_type=\"widget\" data-e-type=\"widget\" data-settings=\"{&quot;_animation&quot;:&quot;fadeIn&quot;}\" data-widget_type=\"text-editor.default\">\n\t\t\t\t<div class=\"elementor-widget-container\">\n\t\t\t\t\t\t\t\t\t<p>Ursa-Chemie GmbH\u2019s whistleblowing system allows you to report concerns to us anonymously and securely. Furthermore, we undertake not to take any action against you, provided you do not misuse the system. In our view, misuse may occur if false allegations or defamatory statements are submitted intentionally.  <\/p><p>To ensure your anonymity, we have appointed our external data protection officer (see <a href=\"\/en\/Datenschutzerklaerung\" target=\"_blank\" rel=\"noopener\">Privacy Policy<\/a>) as the reporting office, who will receive and process your report. The reporting office will then be in touch with you as the matter progresses. <\/p>\t\t\t\t\t\t\t\t<\/div>\n\t\t\t\t<\/div>\n\t\t\t\t<div class=\"elementor-element elementor-element-760a220 elementor-widget__width-inherit mygsaptrigger elementor-invisible elementor-widget elementor-widget-heading\" data-id=\"760a220\" data-element_type=\"widget\" data-e-type=\"widget\" data-settings=\"{&quot;_animation&quot;:&quot;fadeIn&quot;}\" data-widget_type=\"heading.default\">\n\t\t\t\t<div class=\"elementor-widget-container\">\n\t\t\t\t\t<h2 class=\"elementor-heading-title elementor-size-default\">How do we process your report?<\/h2>\t\t\t\t<\/div>\n\t\t\t\t<\/div>\n\t\t\t\t<div class=\"elementor-element elementor-element-02238e2 animated-slow elementor-widget__width-initial elementor-invisible elementor-widget elementor-widget-text-editor\" data-id=\"02238e2\" data-element_type=\"widget\" data-e-type=\"widget\" data-settings=\"{&quot;_animation&quot;:&quot;fadeIn&quot;}\" data-widget_type=\"text-editor.default\">\n\t\t\t\t<div class=\"elementor-widget-container\">\n\t\t\t\t\t\t\t\t\t<p>Die Meldestelle nimmt Hinweise auf dem Postweg und telefonisch entgegen. Aus Gr\u00fcnden der nicht zu garantierenden Ende-zu-Ende-Verschl\u00fcsselung ist die \u00dcbermittlung per E-Mail nicht m\u00f6glich. Als Folgema\u00dfnahme kann die interne Meldestelle insbesondere:  <\/p><p>carry out internal investigations at Ursa-Chemie GmbH or within the relevant organisational unit and contact the individuals and teams concerned,<\/p><p>refer the whistleblower to other competent authorities,<\/p><p>refer the case for further investigation to<\/p><p>a department responsible for internal investigations at Ursa-Chemie GmbH or within the relevant organisational unit, or<\/p><p>a competent authority.<\/p>\t\t\t\t\t\t\t\t<\/div>\n\t\t\t\t<\/div>\n\t\t\t\t<div class=\"elementor-element elementor-element-9791af7 elementor-widget__width-inherit mygsaptrigger elementor-invisible elementor-widget elementor-widget-heading\" data-id=\"9791af7\" data-element_type=\"widget\" data-e-type=\"widget\" data-settings=\"{&quot;_animation&quot;:&quot;fadeIn&quot;}\" data-widget_type=\"heading.default\">\n\t\t\t\t<div class=\"elementor-widget-container\">\n\t\t\t\t\t<h2 class=\"elementor-heading-title elementor-size-default\">Please submit your report:<\/h2>\t\t\t\t<\/div>\n\t\t\t\t<\/div>\n\t\t\t\t<div class=\"elementor-element elementor-element-80dcde4 animated-slow elementor-widget__width-initial elementor-invisible elementor-widget elementor-widget-text-editor\" data-id=\"80dcde4\" data-element_type=\"widget\" data-e-type=\"widget\" data-settings=\"{&quot;_animation&quot;:&quot;fadeIn&quot;}\" data-widget_type=\"text-editor.default\">\n\t\t\t\t<div class=\"elementor-widget-container\">\n\t\t\t\t\t\t\t\t\t<p>You can submit your report using the following methods.<\/p>\t\t\t\t\t\t\t\t<\/div>\n\t\t\t\t<\/div>\n\t\t\t\t<div class=\"elementor-element elementor-element-dd54a5a elementor-widget__width-inherit mygsaptrigger elementor-invisible elementor-widget elementor-widget-heading\" data-id=\"dd54a5a\" data-element_type=\"widget\" data-e-type=\"widget\" data-settings=\"{&quot;_animation&quot;:&quot;fadeIn&quot;}\" data-widget_type=\"heading.default\">\n\t\t\t\t<div class=\"elementor-widget-container\">\n\t\t\t\t\t<h2 class=\"elementor-heading-title elementor-size-default\">By post<\/h2>\t\t\t\t<\/div>\n\t\t\t\t<\/div>\n\t\t\t\t<div class=\"elementor-element elementor-element-8cfb54c animated-slow elementor-widget__width-initial elementor-invisible elementor-widget elementor-widget-text-editor\" data-id=\"8cfb54c\" data-element_type=\"widget\" data-e-type=\"widget\" data-settings=\"{&quot;_animation&quot;:&quot;fadeIn&quot;}\" data-widget_type=\"text-editor.default\">\n\t\t\t\t<div class=\"elementor-widget-container\">\n\t\t\t\t\t\t\t\t\t<p>Download the PDF form below and fill it in:<br><a href=\"https:\/\/www.ursa-chemie.de\/wp-content\/uploads\/2026\/02\/Formular_Abgabe_Hinweis_HinSchG-1.pdf\" target=\"_blank\" rel=\"noopener\">Download form<\/a><\/p><p>Print out the completed form and put it in an envelope.<\/p><p>If necessary, please enclose any additional documents, photos, etc. in the envelope.<\/p><p>Please send the envelope, with sufficient postage, to the following address:<br><strong>2traum UG<\/strong><br><strong>Jan Hammesfahr<\/strong><br><strong>Alsstra\u00dfe 40<\/strong><br><strong>53277 Bonn<\/strong><br><strong>Germany<\/strong><\/p>\t\t\t\t\t\t\t\t<\/div>\n\t\t\t\t<\/div>\n\t\t\t\t<div class=\"elementor-element elementor-element-83aebe0 elementor-widget__width-inherit mygsaptrigger elementor-invisible elementor-widget elementor-widget-heading\" data-id=\"83aebe0\" data-element_type=\"widget\" data-e-type=\"widget\" data-settings=\"{&quot;_animation&quot;:&quot;fadeIn&quot;}\" data-widget_type=\"heading.default\">\n\t\t\t\t<div class=\"elementor-widget-container\">\n\t\t\t\t\t<h2 class=\"elementor-heading-title elementor-size-default\">By telephone<\/h2>\t\t\t\t<\/div>\n\t\t\t\t<\/div>\n\t\t\t\t<div class=\"elementor-element elementor-element-01f8fae animated-slow elementor-widget__width-initial elementor-invisible elementor-widget elementor-widget-text-editor\" data-id=\"01f8fae\" data-element_type=\"widget\" data-e-type=\"widget\" data-settings=\"{&quot;_animation&quot;:&quot;fadeIn&quot;}\" data-widget_type=\"text-editor.default\">\n\t\t\t\t<div class=\"elementor-widget-container\">\n\t\t\t\t\t\t\t\t\t<p>Please call <a href=\"tel:022818468980\">+49 228 184 689 80<\/a>.<\/p><p>Your contact person is Mr Jan Hammesfahr.<\/p><p>Please let Mr Hammesfahr know that you would like to submit an (anonymous) tip-off regarding Ursa-Chemie GmbH.<\/p>\t\t\t\t\t\t\t\t<\/div>\n\t\t\t\t<\/div>\n\t\t\t\t<div class=\"elementor-element elementor-element-2ddb939 elementor-widget__width-inherit mygsaptrigger elementor-invisible elementor-widget elementor-widget-heading\" data-id=\"2ddb939\" data-element_type=\"widget\" data-e-type=\"widget\" data-settings=\"{&quot;_animation&quot;:&quot;fadeIn&quot;}\" data-widget_type=\"heading.default\">\n\t\t\t\t<div class=\"elementor-widget-container\">\n\t\t\t\t\t<h2 class=\"elementor-heading-title elementor-size-default\">Tips for maintaining complete anonymity:<\/h2>\t\t\t\t<\/div>\n\t\t\t\t<\/div>\n\t\t\t\t<div class=\"elementor-element elementor-element-4f99c68 animated-slow elementor-widget__width-initial elementor-invisible elementor-widget elementor-widget-text-editor\" data-id=\"4f99c68\" data-element_type=\"widget\" data-e-type=\"widget\" data-settings=\"{&quot;_animation&quot;:&quot;fadeIn&quot;}\" data-widget_type=\"text-editor.default\">\n\t\t\t\t<div class=\"elementor-widget-container\">\n\t\t\t\t\t\t\t\t\t<p>If you wish to remain completely anonymous when submitting your entry, please note the following tips:<\/p><p>In the PDF form, tick the box indicating that you wish to remain completely anonymous and therefore do not wish to provide any contact details for an acknowledgement of receipt or feedback.<\/p><p>Please do not write by hand, to prevent anyone from identifying you from your handwriting.<\/p><p>For example, please complete the PDF form in full online before printing it out. The PDF form contains fields that can be filled in online using a PDF reader (e.g. Adobe Acrobat Reader \u2013 <a href=\"https:\/\/get.adobe.com\/de\/reader\/\" target=\"_blank\" rel=\"noopener\">https:\/\/get.adobe.com\/de\/reader\/<\/a>). <\/p><p>Please use an envelope with an address window. The printed PDF form already has the correct return address in the correct position for the window, so you do not need to write the address on the envelope itself. <\/p><p>Do not write the sender\u2019s address on the envelope.<\/p><p>Please write your text entirely in lower case to prevent anyone from identifying you on the basis of unique spelling mistakes.<\/p><p>Avoid using phrases in your texts that are typical of you and could reveal your identity.<\/p><p>If you have attached any documents, photos, etc., please ensure that their content does not reveal any personal details about you.<\/p>\t\t\t\t\t\t\t\t<\/div>\n\t\t\t\t<\/div>\n\t\t\t\t<div class=\"elementor-element elementor-element-0cef0a2 elementor-widget__width-inherit mygsaptrigger elementor-invisible elementor-widget elementor-widget-heading\" data-id=\"0cef0a2\" data-element_type=\"widget\" data-e-type=\"widget\" data-settings=\"{&quot;_animation&quot;:&quot;fadeIn&quot;}\" data-widget_type=\"heading.default\">\n\t\t\t\t<div class=\"elementor-widget-container\">\n\t\t\t\t\t<h2 class=\"elementor-heading-title elementor-size-default\">Legal basis:<\/h2>\t\t\t\t<\/div>\n\t\t\t\t<\/div>\n\t\t\t\t<div class=\"elementor-element elementor-element-1d09836 animated-slow elementor-widget__width-initial elementor-invisible elementor-widget elementor-widget-text-editor\" data-id=\"1d09836\" data-element_type=\"widget\" data-e-type=\"widget\" data-settings=\"{&quot;_animation&quot;:&quot;fadeIn&quot;}\" data-widget_type=\"text-editor.default\">\n\t\t\t\t<div class=\"elementor-widget-container\">\n\t\t\t\t\t\t\t\t\t<p>Through this process, we comply with the legal requirements applicable to us under the Whistleblower Protection Act (HinSchG).<\/p>\t\t\t\t\t\t\t\t<\/div>\n\t\t\t\t<\/div>\n\t\t\t\t<\/div>\n\t\t\t\t\t<\/div>\n\t\t\t\t<\/div>\n\t\t\t\t<\/div>\n\t\t","protected":false},"excerpt":{"rendered":"<p>Whistleblower scheme Ursa-Chemie GmbH\u2019s whistleblowing system allows you to report concerns to us anonymously and securely. Furthermore, we undertake not to take any action against you, provided you do not misuse the system. In our view, misuse may occur if false allegations or defamatory statements are submitted intentionally. To ensure your anonymity, we have appointed [&hellip;]<\/p>\n","protected":false},"author":1,"featured_media":0,"parent":0,"menu_order":0,"comment_status":"closed","ping_status":"closed","template":"","meta":{"footnotes":""},"class_list":["post-29393","page","type-page","status-publish","hentry"],"yoast_head":"<!-- This site is optimized with the Yoast SEO plugin v27.3 - https:\/\/yoast.com\/product\/yoast-seo-wordpress\/ -->\n<title>Whistleblower scheme - URSA CHEMIE<\/title>\n<meta name=\"description\" content=\"The whistleblowing system at Ursa-Chemie GmbH allows you to report concerns to us anonymously and securely.\" \/>\n<meta name=\"robots\" content=\"index, follow, max-snippet:-1, max-image-preview:large, max-video-preview:-1\" \/>\n<link rel=\"canonical\" href=\"https:\/\/www.ursa-chemie.de\/en\/whistleblower-scheme\/\" \/>\n<meta property=\"og:locale\" content=\"en_US\" \/>\n<meta property=\"og:type\" content=\"article\" \/>\n<meta property=\"og:title\" content=\"Whistleblower scheme - URSA CHEMIE\" \/>\n<meta property=\"og:description\" content=\"The whistleblowing system at Ursa-Chemie GmbH allows you to report concerns to us anonymously and securely.\" \/>\n<meta property=\"og:url\" content=\"https:\/\/www.ursa-chemie.de\/en\/whistleblower-scheme\/\" \/>\n<meta property=\"og:site_name\" content=\"URSA CHEMIE\" \/>\n<meta property=\"article:modified_time\" content=\"2026-03-23T10:57:03+00:00\" \/>\n<meta name=\"twitter:card\" content=\"summary_large_image\" \/>\n<meta name=\"twitter:label1\" content=\"Est. reading time\" \/>\n\t<meta name=\"twitter:data1\" content=\"3 minutes\" \/>\n<script type=\"application\/ld+json\" class=\"yoast-schema-graph\">{\"@context\":\"https:\\\/\\\/schema.org\",\"@graph\":[{\"@type\":\"WebPage\",\"@id\":\"https:\\\/\\\/www.ursa-chemie.de\\\/en\\\/whistleblower-scheme\\\/\",\"url\":\"https:\\\/\\\/www.ursa-chemie.de\\\/en\\\/whistleblower-scheme\\\/\",\"name\":\"Whistleblower scheme - URSA CHEMIE\",\"isPartOf\":{\"@id\":\"https:\\\/\\\/www.ursa-chemie.de\\\/en\\\/#website\"},\"datePublished\":\"2026-03-23T10:57:02+00:00\",\"dateModified\":\"2026-03-23T10:57:03+00:00\",\"description\":\"The whistleblowing system at Ursa-Chemie GmbH allows you to report concerns to us anonymously and securely.\",\"breadcrumb\":{\"@id\":\"https:\\\/\\\/www.ursa-chemie.de\\\/en\\\/whistleblower-scheme\\\/#breadcrumb\"},\"inLanguage\":\"en-US\",\"potentialAction\":[{\"@type\":\"ReadAction\",\"target\":[\"https:\\\/\\\/www.ursa-chemie.de\\\/en\\\/whistleblower-scheme\\\/\"]}]},{\"@type\":\"BreadcrumbList\",\"@id\":\"https:\\\/\\\/www.ursa-chemie.de\\\/en\\\/whistleblower-scheme\\\/#breadcrumb\",\"itemListElement\":[{\"@type\":\"ListItem\",\"position\":1,\"name\":\"Startseite\",\"item\":\"https:\\\/\\\/www.ursa-chemie.de\\\/en\\\/\"},{\"@type\":\"ListItem\",\"position\":2,\"name\":\"Whistleblower scheme\"}]},{\"@type\":\"WebSite\",\"@id\":\"https:\\\/\\\/www.ursa-chemie.de\\\/en\\\/#website\",\"url\":\"https:\\\/\\\/www.ursa-chemie.de\\\/en\\\/\",\"name\":\"URSA CHEMIE\",\"description\":\"Chemie. Effizient. Gedacht.\",\"publisher\":{\"@id\":\"https:\\\/\\\/www.ursa-chemie.de\\\/en\\\/#organization\"},\"potentialAction\":[{\"@type\":\"SearchAction\",\"target\":{\"@type\":\"EntryPoint\",\"urlTemplate\":\"https:\\\/\\\/www.ursa-chemie.de\\\/en\\\/?s={search_term_string}\"},\"query-input\":{\"@type\":\"PropertyValueSpecification\",\"valueRequired\":true,\"valueName\":\"search_term_string\"}}],\"inLanguage\":\"en-US\"},{\"@type\":\"Organization\",\"@id\":\"https:\\\/\\\/www.ursa-chemie.de\\\/en\\\/#organization\",\"name\":\"URSA CHEMIE\",\"url\":\"https:\\\/\\\/www.ursa-chemie.de\\\/en\\\/\",\"logo\":{\"@type\":\"ImageObject\",\"inLanguage\":\"en-US\",\"@id\":\"https:\\\/\\\/www.ursa-chemie.de\\\/en\\\/#\\\/schema\\\/logo\\\/image\\\/\",\"url\":\"https:\\\/\\\/www.ursa-chemie.de\\\/wp-content\\\/uploads\\\/2024\\\/12\\\/Logo-weiss.svg\",\"contentUrl\":\"https:\\\/\\\/www.ursa-chemie.de\\\/wp-content\\\/uploads\\\/2024\\\/12\\\/Logo-weiss.svg\",\"width\":304,\"height\":119,\"caption\":\"URSA CHEMIE\"},\"image\":{\"@id\":\"https:\\\/\\\/www.ursa-chemie.de\\\/en\\\/#\\\/schema\\\/logo\\\/image\\\/\"}}]}<\/script>\n<!-- \/ Yoast SEO plugin. -->","yoast_head_json":{"title":"Whistleblower scheme - URSA CHEMIE","description":"The whistleblowing system at Ursa-Chemie GmbH allows you to report concerns to us anonymously and securely.","robots":{"index":"index","follow":"follow","max-snippet":"max-snippet:-1","max-image-preview":"max-image-preview:large","max-video-preview":"max-video-preview:-1"},"canonical":"https:\/\/www.ursa-chemie.de\/en\/whistleblower-scheme\/","og_locale":"en_US","og_type":"article","og_title":"Whistleblower scheme - URSA CHEMIE","og_description":"The whistleblowing system at Ursa-Chemie GmbH allows you to report concerns to us anonymously and securely.","og_url":"https:\/\/www.ursa-chemie.de\/en\/whistleblower-scheme\/","og_site_name":"URSA CHEMIE","article_modified_time":"2026-03-23T10:57:03+00:00","twitter_card":"summary_large_image","twitter_misc":{"Est. reading time":"3 minutes"},"schema":{"@context":"https:\/\/schema.org","@graph":[{"@type":"WebPage","@id":"https:\/\/www.ursa-chemie.de\/en\/whistleblower-scheme\/","url":"https:\/\/www.ursa-chemie.de\/en\/whistleblower-scheme\/","name":"Whistleblower scheme - URSA CHEMIE","isPartOf":{"@id":"https:\/\/www.ursa-chemie.de\/en\/#website"},"datePublished":"2026-03-23T10:57:02+00:00","dateModified":"2026-03-23T10:57:03+00:00","description":"The whistleblowing system at Ursa-Chemie GmbH allows you to report concerns to us anonymously and securely.","breadcrumb":{"@id":"https:\/\/www.ursa-chemie.de\/en\/whistleblower-scheme\/#breadcrumb"},"inLanguage":"en-US","potentialAction":[{"@type":"ReadAction","target":["https:\/\/www.ursa-chemie.de\/en\/whistleblower-scheme\/"]}]},{"@type":"BreadcrumbList","@id":"https:\/\/www.ursa-chemie.de\/en\/whistleblower-scheme\/#breadcrumb","itemListElement":[{"@type":"ListItem","position":1,"name":"Startseite","item":"https:\/\/www.ursa-chemie.de\/en\/"},{"@type":"ListItem","position":2,"name":"Whistleblower scheme"}]},{"@type":"WebSite","@id":"https:\/\/www.ursa-chemie.de\/en\/#website","url":"https:\/\/www.ursa-chemie.de\/en\/","name":"URSA CHEMIE","description":"Chemie. Effizient. Gedacht.","publisher":{"@id":"https:\/\/www.ursa-chemie.de\/en\/#organization"},"potentialAction":[{"@type":"SearchAction","target":{"@type":"EntryPoint","urlTemplate":"https:\/\/www.ursa-chemie.de\/en\/?s={search_term_string}"},"query-input":{"@type":"PropertyValueSpecification","valueRequired":true,"valueName":"search_term_string"}}],"inLanguage":"en-US"},{"@type":"Organization","@id":"https:\/\/www.ursa-chemie.de\/en\/#organization","name":"URSA CHEMIE","url":"https:\/\/www.ursa-chemie.de\/en\/","logo":{"@type":"ImageObject","inLanguage":"en-US","@id":"https:\/\/www.ursa-chemie.de\/en\/#\/schema\/logo\/image\/","url":"https:\/\/www.ursa-chemie.de\/wp-content\/uploads\/2024\/12\/Logo-weiss.svg","contentUrl":"https:\/\/www.ursa-chemie.de\/wp-content\/uploads\/2024\/12\/Logo-weiss.svg","width":304,"height":119,"caption":"URSA CHEMIE"},"image":{"@id":"https:\/\/www.ursa-chemie.de\/en\/#\/schema\/logo\/image\/"}}]}},"_links":{"self":[{"href":"https:\/\/www.ursa-chemie.de\/en\/wp-json\/wp\/v2\/pages\/29393","targetHints":{"allow":["GET"]}}],"collection":[{"href":"https:\/\/www.ursa-chemie.de\/en\/wp-json\/wp\/v2\/pages"}],"about":[{"href":"https:\/\/www.ursa-chemie.de\/en\/wp-json\/wp\/v2\/types\/page"}],"author":[{"embeddable":true,"href":"https:\/\/www.ursa-chemie.de\/en\/wp-json\/wp\/v2\/users\/1"}],"replies":[{"embeddable":true,"href":"https:\/\/www.ursa-chemie.de\/en\/wp-json\/wp\/v2\/comments?post=29393"}],"version-history":[{"count":1,"href":"https:\/\/www.ursa-chemie.de\/en\/wp-json\/wp\/v2\/pages\/29393\/revisions"}],"predecessor-version":[{"id":29394,"href":"https:\/\/www.ursa-chemie.de\/en\/wp-json\/wp\/v2\/pages\/29393\/revisions\/29394"}],"wp:attachment":[{"href":"https:\/\/www.ursa-chemie.de\/en\/wp-json\/wp\/v2\/media?parent=29393"}],"curies":[{"name":"wp","href":"https:\/\/api.w.org\/{rel}","templated":true}]}}